{"id":2472,"date":"2019-01-24T19:13:28","date_gmt":"2019-01-24T18:13:28","guid":{"rendered":"https:\/\/nowa.polowiec.pl\/?page_id=2472"},"modified":"2019-04-23T20:47:34","modified_gmt":"2019-04-23T18:47:34","slug":"polska-izba-malej-energetyki-odnawialnej","status":"publish","type":"page","link":"https:\/\/polowiec.pl\/en\/polska-izba-malej-energetyki-odnawialnej\/","title":{"rendered":"Polska Izba Ma\u0142ej Energetyki Odnawialnej"},"content":{"rendered":"<p align=\"justify\">Kancelaria Polowiec i Wsp\u00f3lnicy sp.j. od maja 2018 r. jest cz\u0142onkiem Polskiej Izby Ma\u0142ej Energetyki Odnawialnej.<\/p>\n<p align=\"justify\">Polska Izba Ma\u0142ej Energetyki Odnawialnej, jest organizacj\u0105 samorz\u0105du gospodarczego, reprezentuj\u0105c\u0105 interesy gospodarcze zrzeszonych w niej przedsi\u0119biorc\u00f3w w zakresie ich dzia\u0142alno\u015bci w przedmiocie produkcji energii elektrycznej z odnawialnych \u017ar\u00f3de\u0142 energii w szczeg\u00f3lno\u015bci wobec organ\u00f3w pa\u0144stwowych i samorz\u0105dowych.<\/p>\n<p align=\"justify\">Izba zrzesza przedsi\u0119biorc\u00f3w prowadz\u0105cych dzia\u0142alno\u015b\u0107 gospodarcz\u0105 w zakresie zwi\u0105zanym z rynkiem energii odnawialnej, w tym produkcji, us\u0142ug, obrotu energi\u0105 odnawialn\u0105, bez wzgl\u0119du na form\u0119 w\u0142asno\u015bci i form\u0119 organizacyjn\u0105. W 2018 r. Izba skupia wytw\u00f3rc\u00f3w energii elektrycznej w elektrowniach wiatrowych o mocy wytw\u00f3rczej ponad 200 MW.<\/p>\n<p align=\"justify\">Kancelaria aktywnie w\u0142\u0105cza si\u0119 w bie\u017c\u0105ce prace Izby na rzecz swoich cz\u0142onk\u00f3w jak r\u00f3wnie\u017c przy aktywno\u015bci Izby w zakresie ustawodawstwa dotycz\u0105cego odnawialnych \u017ar\u00f3de\u0142 energii w Polsce.<\/p>\n","protected":false},"excerpt":{"rendered":"<p>Kancelaria Polowiec i Wsp\u00f3lnicy sp.j. od maja 2018 r. jest cz\u0142onkiem Polskiej Izby Ma\u0142ej Energetyki Odnawialnej. Polska Izba Ma\u0142ej Energetyki Odnawialnej, jest organizacj\u0105 samorz\u0105du gospodarczego, reprezentuj\u0105c\u0105 interesy gospodarcze zrzeszonych w niej przedsi\u0119biorc\u00f3w w zakresie ich dzia\u0142alno\u015bci w przedmiocie produkcji energii elektrycznej z odnawialnych \u017ar\u00f3de\u0142 energii w szczeg\u00f3lno\u015bci wobec organ\u00f3w pa\u0144stwowych i samorz\u0105dowych. Izba zrzesza przedsi\u0119biorc\u00f3w [&hellip;]<\/p>\n","protected":false},"author":4,"featured_media":0,"parent":0,"menu_order":12,"comment_status":"closed","ping_status":"open","template":"","meta":{"footnotes":""},"categories":[],"tags":[],"class_list":["post-2472","page","type-page","status-publish","hentry"],"yoast_head":"<!-- This site is optimized with the Yoast SEO plugin v27.2 - https:\/\/yoast.com\/product\/yoast-seo-wordpress\/ -->\n<title>Polska Izba Ma\u0142ej Energetyki Odnawialnej - Polowiec i Wsp\u00f3lnicy - Kancelaria prawna<\/title>\n<meta name=\"robots\" content=\"index, follow, max-snippet:-1, max-image-preview:large, max-video-preview:-1\" \/>\n<link rel=\"canonical\" href=\"https:\/\/polowiec.pl\/en\/polska-izba-malej-energetyki-odnawialnej\/\" \/>\n<meta property=\"og:locale\" content=\"en_US\" \/>\n<meta property=\"og:type\" content=\"article\" \/>\n<meta property=\"og:title\" content=\"Polska Izba Ma\u0142ej Energetyki Odnawialnej - Polowiec i Wsp\u00f3lnicy - Kancelaria prawna\" \/>\n<meta property=\"og:description\" content=\"Kancelaria Polowiec i Wsp\u00f3lnicy sp.j. od maja 2018 r. jest cz\u0142onkiem Polskiej Izby Ma\u0142ej Energetyki Odnawialnej. Polska Izba Ma\u0142ej Energetyki Odnawialnej, jest organizacj\u0105 samorz\u0105du gospodarczego, reprezentuj\u0105c\u0105 interesy gospodarcze zrzeszonych w niej przedsi\u0119biorc\u00f3w w zakresie ich dzia\u0142alno\u015bci w przedmiocie produkcji energii elektrycznej z odnawialnych \u017ar\u00f3de\u0142 energii w szczeg\u00f3lno\u015bci wobec organ\u00f3w pa\u0144stwowych i samorz\u0105dowych. Izba zrzesza przedsi\u0119biorc\u00f3w [&hellip;]\" \/>\n<meta property=\"og:url\" content=\"https:\/\/polowiec.pl\/en\/polska-izba-malej-energetyki-odnawialnej\/\" \/>\n<meta property=\"og:site_name\" content=\"Polowiec i Wsp\u00f3lnicy - Kancelaria prawna\" \/>\n<meta property=\"article:publisher\" content=\"https:\/\/www.facebook.com\/polowieciwspolnicy\/\" \/>\n<meta property=\"article:modified_time\" content=\"2019-04-23T18:47:34+00:00\" \/>\n<meta name=\"twitter:card\" content=\"summary_large_image\" \/>\n<meta name=\"twitter:label1\" content=\"Est. reading time\" \/>\n\t<meta name=\"twitter:data1\" content=\"1 minute\" \/>\n<script type=\"application\/ld+json\" class=\"yoast-schema-graph\">{\"@context\":\"https:\/\/schema.org\",\"@graph\":[{\"@type\":\"WebPage\",\"@id\":\"https:\/\/polowiec.pl\/en\/polska-izba-malej-energetyki-odnawialnej\/\",\"url\":\"https:\/\/polowiec.pl\/en\/polska-izba-malej-energetyki-odnawialnej\/\",\"name\":\"Polska Izba Ma\u0142ej Energetyki Odnawialnej - Polowiec i Wsp\u00f3lnicy - Kancelaria prawna\",\"isPartOf\":{\"@id\":\"https:\/\/polowiec.pl\/en\/#website\"},\"datePublished\":\"2019-01-24T18:13:28+00:00\",\"dateModified\":\"2019-04-23T18:47:34+00:00\",\"breadcrumb\":{\"@id\":\"https:\/\/polowiec.pl\/en\/polska-izba-malej-energetyki-odnawialnej\/#breadcrumb\"},\"inLanguage\":\"en-US\",\"potentialAction\":[{\"@type\":\"ReadAction\",\"target\":[\"https:\/\/polowiec.pl\/en\/polska-izba-malej-energetyki-odnawialnej\/\"]}]},{\"@type\":\"BreadcrumbList\",\"@id\":\"https:\/\/polowiec.pl\/en\/polska-izba-malej-energetyki-odnawialnej\/#breadcrumb\",\"itemListElement\":[{\"@type\":\"ListItem\",\"position\":1,\"name\":\"Strona g\u0142\u00f3wna\",\"item\":\"https:\/\/polowiec.pl\/en\/\"},{\"@type\":\"ListItem\",\"position\":2,\"name\":\"Polska Izba Ma\u0142ej Energetyki Odnawialnej\"}]},{\"@type\":\"WebSite\",\"@id\":\"https:\/\/polowiec.pl\/en\/#website\",\"url\":\"https:\/\/polowiec.pl\/en\/\",\"name\":\"Polowiec i Wsp\u00f3lnicy - Kancelaria prawna\",\"description\":\"Obs\u0142uga prawna\",\"publisher\":{\"@id\":\"https:\/\/polowiec.pl\/en\/#organization\"},\"potentialAction\":[{\"@type\":\"SearchAction\",\"target\":{\"@type\":\"EntryPoint\",\"urlTemplate\":\"https:\/\/polowiec.pl\/en\/?s={search_term_string}\"},\"query-input\":{\"@type\":\"PropertyValueSpecification\",\"valueRequired\":true,\"valueName\":\"search_term_string\"}}],\"inLanguage\":\"en-US\"},{\"@type\":\"Organization\",\"@id\":\"https:\/\/polowiec.pl\/en\/#organization\",\"name\":\"Polowiec i Wsp\u00f3lnicy - Kancelaria prawna\",\"url\":\"https:\/\/polowiec.pl\/en\/\",\"logo\":{\"@type\":\"ImageObject\",\"inLanguage\":\"en-US\",\"@id\":\"https:\/\/polowiec.pl\/en\/#\/schema\/logo\/image\/\",\"url\":\"https:\/\/polowiec.pl\/wp-content\/uploads\/2018\/10\/polowiec_logo2-1.png\",\"contentUrl\":\"https:\/\/polowiec.pl\/wp-content\/uploads\/2018\/10\/polowiec_logo2-1.png\",\"width\":540,\"height\":381,\"caption\":\"Polowiec i Wsp\u00f3lnicy - Kancelaria prawna\"},\"image\":{\"@id\":\"https:\/\/polowiec.pl\/en\/#\/schema\/logo\/image\/\"},\"sameAs\":[\"https:\/\/www.facebook.com\/polowieciwspolnicy\/\",\"https:\/\/www.linkedin.com\/company\/polowiec-i-wsplnicy-sp.j.\/about\/\"]}]}<\/script>\n<!-- \/ Yoast SEO plugin. -->","yoast_head_json":{"title":"Polska Izba Ma\u0142ej Energetyki Odnawialnej - Polowiec i Wsp\u00f3lnicy - Kancelaria prawna","robots":{"index":"index","follow":"follow","max-snippet":"max-snippet:-1","max-image-preview":"max-image-preview:large","max-video-preview":"max-video-preview:-1"},"canonical":"https:\/\/polowiec.pl\/en\/polska-izba-malej-energetyki-odnawialnej\/","og_locale":"en_US","og_type":"article","og_title":"Polska Izba Ma\u0142ej Energetyki Odnawialnej - Polowiec i Wsp\u00f3lnicy - Kancelaria prawna","og_description":"Kancelaria Polowiec i Wsp\u00f3lnicy sp.j. od maja 2018 r. jest cz\u0142onkiem Polskiej Izby Ma\u0142ej Energetyki Odnawialnej. Polska Izba Ma\u0142ej Energetyki Odnawialnej, jest organizacj\u0105 samorz\u0105du gospodarczego, reprezentuj\u0105c\u0105 interesy gospodarcze zrzeszonych w niej przedsi\u0119biorc\u00f3w w zakresie ich dzia\u0142alno\u015bci w przedmiocie produkcji energii elektrycznej z odnawialnych \u017ar\u00f3de\u0142 energii w szczeg\u00f3lno\u015bci wobec organ\u00f3w pa\u0144stwowych i samorz\u0105dowych. Izba zrzesza przedsi\u0119biorc\u00f3w [&hellip;]","og_url":"https:\/\/polowiec.pl\/en\/polska-izba-malej-energetyki-odnawialnej\/","og_site_name":"Polowiec i Wsp\u00f3lnicy - Kancelaria prawna","article_publisher":"https:\/\/www.facebook.com\/polowieciwspolnicy\/","article_modified_time":"2019-04-23T18:47:34+00:00","twitter_card":"summary_large_image","twitter_misc":{"Est. reading time":"1 minute"},"schema":{"@context":"https:\/\/schema.org","@graph":[{"@type":"WebPage","@id":"https:\/\/polowiec.pl\/en\/polska-izba-malej-energetyki-odnawialnej\/","url":"https:\/\/polowiec.pl\/en\/polska-izba-malej-energetyki-odnawialnej\/","name":"Polska Izba Ma\u0142ej Energetyki Odnawialnej - Polowiec i Wsp\u00f3lnicy - Kancelaria prawna","isPartOf":{"@id":"https:\/\/polowiec.pl\/en\/#website"},"datePublished":"2019-01-24T18:13:28+00:00","dateModified":"2019-04-23T18:47:34+00:00","breadcrumb":{"@id":"https:\/\/polowiec.pl\/en\/polska-izba-malej-energetyki-odnawialnej\/#breadcrumb"},"inLanguage":"en-US","potentialAction":[{"@type":"ReadAction","target":["https:\/\/polowiec.pl\/en\/polska-izba-malej-energetyki-odnawialnej\/"]}]},{"@type":"BreadcrumbList","@id":"https:\/\/polowiec.pl\/en\/polska-izba-malej-energetyki-odnawialnej\/#breadcrumb","itemListElement":[{"@type":"ListItem","position":1,"name":"Strona g\u0142\u00f3wna","item":"https:\/\/polowiec.pl\/en\/"},{"@type":"ListItem","position":2,"name":"Polska Izba Ma\u0142ej Energetyki Odnawialnej"}]},{"@type":"WebSite","@id":"https:\/\/polowiec.pl\/en\/#website","url":"https:\/\/polowiec.pl\/en\/","name":"Polowiec i Wsp\u00f3lnicy - Kancelaria prawna","description":"Obs\u0142uga prawna","publisher":{"@id":"https:\/\/polowiec.pl\/en\/#organization"},"potentialAction":[{"@type":"SearchAction","target":{"@type":"EntryPoint","urlTemplate":"https:\/\/polowiec.pl\/en\/?s={search_term_string}"},"query-input":{"@type":"PropertyValueSpecification","valueRequired":true,"valueName":"search_term_string"}}],"inLanguage":"en-US"},{"@type":"Organization","@id":"https:\/\/polowiec.pl\/en\/#organization","name":"Polowiec i Wsp\u00f3lnicy - Kancelaria prawna","url":"https:\/\/polowiec.pl\/en\/","logo":{"@type":"ImageObject","inLanguage":"en-US","@id":"https:\/\/polowiec.pl\/en\/#\/schema\/logo\/image\/","url":"https:\/\/polowiec.pl\/wp-content\/uploads\/2018\/10\/polowiec_logo2-1.png","contentUrl":"https:\/\/polowiec.pl\/wp-content\/uploads\/2018\/10\/polowiec_logo2-1.png","width":540,"height":381,"caption":"Polowiec i Wsp\u00f3lnicy - Kancelaria prawna"},"image":{"@id":"https:\/\/polowiec.pl\/en\/#\/schema\/logo\/image\/"},"sameAs":["https:\/\/www.facebook.com\/polowieciwspolnicy\/","https:\/\/www.linkedin.com\/company\/polowiec-i-wsplnicy-sp.j.\/about\/"]}]}},"_links":{"self":[{"href":"https:\/\/polowiec.pl\/en\/wp-json\/wp\/v2\/pages\/2472","targetHints":{"allow":["GET"]}}],"collection":[{"href":"https:\/\/polowiec.pl\/en\/wp-json\/wp\/v2\/pages"}],"about":[{"href":"https:\/\/polowiec.pl\/en\/wp-json\/wp\/v2\/types\/page"}],"author":[{"embeddable":true,"href":"https:\/\/polowiec.pl\/en\/wp-json\/wp\/v2\/users\/4"}],"replies":[{"embeddable":true,"href":"https:\/\/polowiec.pl\/en\/wp-json\/wp\/v2\/comments?post=2472"}],"version-history":[{"count":0,"href":"https:\/\/polowiec.pl\/en\/wp-json\/wp\/v2\/pages\/2472\/revisions"}],"wp:attachment":[{"href":"https:\/\/polowiec.pl\/en\/wp-json\/wp\/v2\/media?parent=2472"}],"wp:term":[{"taxonomy":"category","embeddable":true,"href":"https:\/\/polowiec.pl\/en\/wp-json\/wp\/v2\/categories?post=2472"},{"taxonomy":"post_tag","embeddable":true,"href":"https:\/\/polowiec.pl\/en\/wp-json\/wp\/v2\/tags?post=2472"}],"curies":[{"name":"wp","href":"https:\/\/api.w.org\/{rel}","templated":true}]}}