{"id":2701,"date":"2019-02-19T22:52:26","date_gmt":"2019-02-19T21:52:26","guid":{"rendered":"https:\/\/nowa.polowiec.pl\/?page_id=2701"},"modified":"2023-06-04T21:50:21","modified_gmt":"2023-06-04T19:50:21","slug":"tomasz-adamczewski","status":"publish","type":"page","link":"https:\/\/polowiec.pl\/en\/associates\/tomasz-adamczewski\/","title":{"rendered":"Tomasz Adamczewski"},"content":{"rendered":"<div class=\"wpb-content-wrapper\"><p>[vc_row][vc_column width=&#8221;3\/4&#8243;][vc_column_text]<\/p>\n<h1>Tomasz Adamczewski<\/h1>\n<h2>Attorney-at-law \/ Partner<\/h2>\n<p>Attorney-at-Law with proceedings experience and experience in legal&amp;business advisory; advises on matters related to the conducting of medical activities and production of technical gases, medical devices and medicinal products.<\/p>\n<p>He graduated from the Faculty of Law and Administration at Jagiellonian University in Krak\u00f3w and an attorney-at-law trainee at the Krak\u00f3w Bar Association of Attorneys-at-Law. A member of the Krak\u00f3w Bar Association of Attorneys-at-Law, Attorney-at-Law registry number KR-3597.<\/p>\n<p>He conducts practice in the field of commercial law, civil law, medical law and pharmaceutical law, in issues related to medical activity and in all areas of law related to economic activity.<\/p>\n<p>He developed and expanded his qualifications advising large economic entities conducting manufacturing of medicinal products as well as medical activity. He has experience in proceedings, acquired in courts and administrative proceedings, with the participation of domestic and foreign entities.<\/p>\n<p>He conducted trainings in the field of medical law, discussing the principles and process of contracting medical services in Poland, forms of employment in health entities as well as the process of construction and management of a healthcare facility.<\/p>\n<p>He also provides a legal advisory in English.<\/p>\n<p>Contact:\u00a0<a href=\"mailto:adamczewski@polowiec.pl\">adamczewski@polowiec.pl<\/a>[\/vc_column_text][\/vc_column][vc_column width=&#8221;1\/4&#8243;][vc_single_image image=&#8221;21006&#8243; img_size=&#8221;250&#215;375&#8243; label=&#8221;&#8221;][\/vc_column][\/vc_row]<\/p>\n<\/div>","protected":false},"excerpt":{"rendered":"<p>[vc_row][vc_column width=&#8221;3\/4&#8243;][vc_column_text] Tomasz Adamczewski Attorney-at-law \/ Partner Attorney-at-Law with proceedings experience and experience in legal&amp;business advisory; advises on matters related to the conducting of medical activities and production of technical gases, medical devices and medicinal products. He graduated from the Faculty of Law and Administration at Jagiellonian University in Krak\u00f3w and an attorney-at-law trainee at [&hellip;]<\/p>\n","protected":false},"author":4,"featured_media":1043,"parent":439,"menu_order":0,"comment_status":"closed","ping_status":"closed","template":"","meta":{"footnotes":""},"categories":[],"tags":[],"class_list":["post-2701","page","type-page","status-publish","has-post-thumbnail","hentry"],"yoast_head":"<!-- This site is optimized with the Yoast SEO plugin v27.2 - https:\/\/yoast.com\/product\/yoast-seo-wordpress\/ -->\n<title>Tomasz Adamczewski - Polowiec i Wsp\u00f3lnicy - Kancelaria prawna<\/title>\n<meta name=\"robots\" content=\"index, follow, max-snippet:-1, max-image-preview:large, max-video-preview:-1\" \/>\n<link rel=\"canonical\" href=\"https:\/\/polowiec.pl\/en\/associates\/tomasz-adamczewski\/\" \/>\n<meta property=\"og:locale\" content=\"en_US\" \/>\n<meta property=\"og:type\" content=\"article\" \/>\n<meta property=\"og:title\" content=\"Tomasz Adamczewski - Polowiec i Wsp\u00f3lnicy - Kancelaria prawna\" \/>\n<meta property=\"og:description\" content=\"[vc_row][vc_column width=&#8221;3\/4&#8243;][vc_column_text] Tomasz Adamczewski Attorney-at-law \/ Partner Attorney-at-Law with proceedings experience and experience in legal&amp;business advisory; advises on matters related to the conducting of medical activities and production of technical gases, medical devices and medicinal products. He graduated from the Faculty of Law and Administration at Jagiellonian University in Krak\u00f3w and an attorney-at-law trainee at [&hellip;]\" \/>\n<meta property=\"og:url\" content=\"https:\/\/polowiec.pl\/en\/associates\/tomasz-adamczewski\/\" \/>\n<meta property=\"og:site_name\" content=\"Polowiec i Wsp\u00f3lnicy - Kancelaria prawna\" \/>\n<meta property=\"article:publisher\" content=\"https:\/\/www.facebook.com\/polowieciwspolnicy\/\" \/>\n<meta property=\"article:modified_time\" content=\"2023-06-04T19:50:21+00:00\" \/>\n<meta property=\"og:image\" content=\"https:\/\/polowiec.pl\/wp-content\/uploads\/2016\/02\/Tomasz_Adamczewski.jpg\" \/>\n\t<meta property=\"og:image:width\" content=\"600\" \/>\n\t<meta property=\"og:image:height\" content=\"900\" \/>\n\t<meta property=\"og:image:type\" content=\"image\/jpeg\" \/>\n<meta name=\"twitter:card\" content=\"summary_large_image\" \/>\n<meta name=\"twitter:label1\" content=\"Est. reading time\" \/>\n\t<meta name=\"twitter:data1\" content=\"1 minute\" \/>\n<script type=\"application\/ld+json\" class=\"yoast-schema-graph\">{\"@context\":\"https:\/\/schema.org\",\"@graph\":[{\"@type\":\"WebPage\",\"@id\":\"https:\/\/polowiec.pl\/en\/associates\/tomasz-adamczewski\/\",\"url\":\"https:\/\/polowiec.pl\/en\/associates\/tomasz-adamczewski\/\",\"name\":\"Tomasz Adamczewski - Polowiec i Wsp\u00f3lnicy - Kancelaria prawna\",\"isPartOf\":{\"@id\":\"https:\/\/polowiec.pl\/en\/#website\"},\"primaryImageOfPage\":{\"@id\":\"https:\/\/polowiec.pl\/en\/associates\/tomasz-adamczewski\/#primaryimage\"},\"image\":{\"@id\":\"https:\/\/polowiec.pl\/en\/associates\/tomasz-adamczewski\/#primaryimage\"},\"thumbnailUrl\":\"https:\/\/polowiec.pl\/wp-content\/uploads\/2016\/02\/Tomasz_Adamczewski.jpg\",\"datePublished\":\"2019-02-19T21:52:26+00:00\",\"dateModified\":\"2023-06-04T19:50:21+00:00\",\"breadcrumb\":{\"@id\":\"https:\/\/polowiec.pl\/en\/associates\/tomasz-adamczewski\/#breadcrumb\"},\"inLanguage\":\"en-US\",\"potentialAction\":[{\"@type\":\"ReadAction\",\"target\":[\"https:\/\/polowiec.pl\/en\/associates\/tomasz-adamczewski\/\"]}]},{\"@type\":\"ImageObject\",\"inLanguage\":\"en-US\",\"@id\":\"https:\/\/polowiec.pl\/en\/associates\/tomasz-adamczewski\/#primaryimage\",\"url\":\"https:\/\/polowiec.pl\/wp-content\/uploads\/2016\/02\/Tomasz_Adamczewski.jpg\",\"contentUrl\":\"https:\/\/polowiec.pl\/wp-content\/uploads\/2016\/02\/Tomasz_Adamczewski.jpg\",\"width\":600,\"height\":900,\"caption\":\"Tomasz Adamczewski\"},{\"@type\":\"BreadcrumbList\",\"@id\":\"https:\/\/polowiec.pl\/en\/associates\/tomasz-adamczewski\/#breadcrumb\",\"itemListElement\":[{\"@type\":\"ListItem\",\"position\":1,\"name\":\"Strona g\u0142\u00f3wna\",\"item\":\"https:\/\/polowiec.pl\/en\/\"},{\"@type\":\"ListItem\",\"position\":2,\"name\":\"Team\",\"item\":\"https:\/\/polowiec.pl\/en\/associates\/\"},{\"@type\":\"ListItem\",\"position\":3,\"name\":\"Tomasz Adamczewski\"}]},{\"@type\":\"WebSite\",\"@id\":\"https:\/\/polowiec.pl\/en\/#website\",\"url\":\"https:\/\/polowiec.pl\/en\/\",\"name\":\"Polowiec i Wsp\u00f3lnicy - Kancelaria prawna\",\"description\":\"Obs\u0142uga prawna\",\"publisher\":{\"@id\":\"https:\/\/polowiec.pl\/en\/#organization\"},\"potentialAction\":[{\"@type\":\"SearchAction\",\"target\":{\"@type\":\"EntryPoint\",\"urlTemplate\":\"https:\/\/polowiec.pl\/en\/?s={search_term_string}\"},\"query-input\":{\"@type\":\"PropertyValueSpecification\",\"valueRequired\":true,\"valueName\":\"search_term_string\"}}],\"inLanguage\":\"en-US\"},{\"@type\":\"Organization\",\"@id\":\"https:\/\/polowiec.pl\/en\/#organization\",\"name\":\"Polowiec i Wsp\u00f3lnicy - Kancelaria prawna\",\"url\":\"https:\/\/polowiec.pl\/en\/\",\"logo\":{\"@type\":\"ImageObject\",\"inLanguage\":\"en-US\",\"@id\":\"https:\/\/polowiec.pl\/en\/#\/schema\/logo\/image\/\",\"url\":\"https:\/\/polowiec.pl\/wp-content\/uploads\/2018\/10\/polowiec_logo2-1.png\",\"contentUrl\":\"https:\/\/polowiec.pl\/wp-content\/uploads\/2018\/10\/polowiec_logo2-1.png\",\"width\":540,\"height\":381,\"caption\":\"Polowiec i Wsp\u00f3lnicy - Kancelaria prawna\"},\"image\":{\"@id\":\"https:\/\/polowiec.pl\/en\/#\/schema\/logo\/image\/\"},\"sameAs\":[\"https:\/\/www.facebook.com\/polowieciwspolnicy\/\",\"https:\/\/www.linkedin.com\/company\/polowiec-i-wsplnicy-sp.j.\/about\/\"]}]}<\/script>\n<!-- \/ Yoast SEO plugin. -->","yoast_head_json":{"title":"Tomasz Adamczewski - Polowiec i Wsp\u00f3lnicy - Kancelaria prawna","robots":{"index":"index","follow":"follow","max-snippet":"max-snippet:-1","max-image-preview":"max-image-preview:large","max-video-preview":"max-video-preview:-1"},"canonical":"https:\/\/polowiec.pl\/en\/associates\/tomasz-adamczewski\/","og_locale":"en_US","og_type":"article","og_title":"Tomasz Adamczewski - Polowiec i Wsp\u00f3lnicy - Kancelaria prawna","og_description":"[vc_row][vc_column width=&#8221;3\/4&#8243;][vc_column_text] Tomasz Adamczewski Attorney-at-law \/ Partner Attorney-at-Law with proceedings experience and experience in legal&amp;business advisory; advises on matters related to the conducting of medical activities and production of technical gases, medical devices and medicinal products. He graduated from the Faculty of Law and Administration at Jagiellonian University in Krak\u00f3w and an attorney-at-law trainee at [&hellip;]","og_url":"https:\/\/polowiec.pl\/en\/associates\/tomasz-adamczewski\/","og_site_name":"Polowiec i Wsp\u00f3lnicy - Kancelaria prawna","article_publisher":"https:\/\/www.facebook.com\/polowieciwspolnicy\/","article_modified_time":"2023-06-04T19:50:21+00:00","og_image":[{"width":600,"height":900,"url":"https:\/\/polowiec.pl\/wp-content\/uploads\/2016\/02\/Tomasz_Adamczewski.jpg","type":"image\/jpeg"}],"twitter_card":"summary_large_image","twitter_misc":{"Est. reading time":"1 minute"},"schema":{"@context":"https:\/\/schema.org","@graph":[{"@type":"WebPage","@id":"https:\/\/polowiec.pl\/en\/associates\/tomasz-adamczewski\/","url":"https:\/\/polowiec.pl\/en\/associates\/tomasz-adamczewski\/","name":"Tomasz Adamczewski - Polowiec i Wsp\u00f3lnicy - Kancelaria prawna","isPartOf":{"@id":"https:\/\/polowiec.pl\/en\/#website"},"primaryImageOfPage":{"@id":"https:\/\/polowiec.pl\/en\/associates\/tomasz-adamczewski\/#primaryimage"},"image":{"@id":"https:\/\/polowiec.pl\/en\/associates\/tomasz-adamczewski\/#primaryimage"},"thumbnailUrl":"https:\/\/polowiec.pl\/wp-content\/uploads\/2016\/02\/Tomasz_Adamczewski.jpg","datePublished":"2019-02-19T21:52:26+00:00","dateModified":"2023-06-04T19:50:21+00:00","breadcrumb":{"@id":"https:\/\/polowiec.pl\/en\/associates\/tomasz-adamczewski\/#breadcrumb"},"inLanguage":"en-US","potentialAction":[{"@type":"ReadAction","target":["https:\/\/polowiec.pl\/en\/associates\/tomasz-adamczewski\/"]}]},{"@type":"ImageObject","inLanguage":"en-US","@id":"https:\/\/polowiec.pl\/en\/associates\/tomasz-adamczewski\/#primaryimage","url":"https:\/\/polowiec.pl\/wp-content\/uploads\/2016\/02\/Tomasz_Adamczewski.jpg","contentUrl":"https:\/\/polowiec.pl\/wp-content\/uploads\/2016\/02\/Tomasz_Adamczewski.jpg","width":600,"height":900,"caption":"Tomasz Adamczewski"},{"@type":"BreadcrumbList","@id":"https:\/\/polowiec.pl\/en\/associates\/tomasz-adamczewski\/#breadcrumb","itemListElement":[{"@type":"ListItem","position":1,"name":"Strona g\u0142\u00f3wna","item":"https:\/\/polowiec.pl\/en\/"},{"@type":"ListItem","position":2,"name":"Team","item":"https:\/\/polowiec.pl\/en\/associates\/"},{"@type":"ListItem","position":3,"name":"Tomasz Adamczewski"}]},{"@type":"WebSite","@id":"https:\/\/polowiec.pl\/en\/#website","url":"https:\/\/polowiec.pl\/en\/","name":"Polowiec i Wsp\u00f3lnicy - Kancelaria prawna","description":"Obs\u0142uga prawna","publisher":{"@id":"https:\/\/polowiec.pl\/en\/#organization"},"potentialAction":[{"@type":"SearchAction","target":{"@type":"EntryPoint","urlTemplate":"https:\/\/polowiec.pl\/en\/?s={search_term_string}"},"query-input":{"@type":"PropertyValueSpecification","valueRequired":true,"valueName":"search_term_string"}}],"inLanguage":"en-US"},{"@type":"Organization","@id":"https:\/\/polowiec.pl\/en\/#organization","name":"Polowiec i Wsp\u00f3lnicy - Kancelaria prawna","url":"https:\/\/polowiec.pl\/en\/","logo":{"@type":"ImageObject","inLanguage":"en-US","@id":"https:\/\/polowiec.pl\/en\/#\/schema\/logo\/image\/","url":"https:\/\/polowiec.pl\/wp-content\/uploads\/2018\/10\/polowiec_logo2-1.png","contentUrl":"https:\/\/polowiec.pl\/wp-content\/uploads\/2018\/10\/polowiec_logo2-1.png","width":540,"height":381,"caption":"Polowiec i Wsp\u00f3lnicy - Kancelaria prawna"},"image":{"@id":"https:\/\/polowiec.pl\/en\/#\/schema\/logo\/image\/"},"sameAs":["https:\/\/www.facebook.com\/polowieciwspolnicy\/","https:\/\/www.linkedin.com\/company\/polowiec-i-wsplnicy-sp.j.\/about\/"]}]}},"_links":{"self":[{"href":"https:\/\/polowiec.pl\/en\/wp-json\/wp\/v2\/pages\/2701","targetHints":{"allow":["GET"]}}],"collection":[{"href":"https:\/\/polowiec.pl\/en\/wp-json\/wp\/v2\/pages"}],"about":[{"href":"https:\/\/polowiec.pl\/en\/wp-json\/wp\/v2\/types\/page"}],"author":[{"embeddable":true,"href":"https:\/\/polowiec.pl\/en\/wp-json\/wp\/v2\/users\/4"}],"replies":[{"embeddable":true,"href":"https:\/\/polowiec.pl\/en\/wp-json\/wp\/v2\/comments?post=2701"}],"version-history":[{"count":3,"href":"https:\/\/polowiec.pl\/en\/wp-json\/wp\/v2\/pages\/2701\/revisions"}],"predecessor-version":[{"id":21089,"href":"https:\/\/polowiec.pl\/en\/wp-json\/wp\/v2\/pages\/2701\/revisions\/21089"}],"up":[{"embeddable":true,"href":"https:\/\/polowiec.pl\/en\/wp-json\/wp\/v2\/pages\/439"}],"wp:featuredmedia":[{"embeddable":true,"href":"https:\/\/polowiec.pl\/en\/wp-json\/wp\/v2\/media\/1043"}],"wp:attachment":[{"href":"https:\/\/polowiec.pl\/en\/wp-json\/wp\/v2\/media?parent=2701"}],"wp:term":[{"taxonomy":"category","embeddable":true,"href":"https:\/\/polowiec.pl\/en\/wp-json\/wp\/v2\/categories?post=2701"},{"taxonomy":"post_tag","embeddable":true,"href":"https:\/\/polowiec.pl\/en\/wp-json\/wp\/v2\/tags?post=2701"}],"curies":[{"name":"wp","href":"https:\/\/api.w.org\/{rel}","templated":true}]}}