{"id":28808,"date":"2025-01-29T14:14:16","date_gmt":"2025-01-29T13:14:16","guid":{"rendered":"https:\/\/polowiec.pl\/?page_id=28808"},"modified":"2025-01-29T14:42:44","modified_gmt":"2025-01-29T13:42:44","slug":"malgorzata-orlowska","status":"publish","type":"page","link":"https:\/\/polowiec.pl\/en\/associates\/malgorzata-orlowska\/","title":{"rendered":"Ma\u0142gorzata Or\u0142owska"},"content":{"rendered":"<div class=\"wpb-content-wrapper\"><p>[vc_row][vc_column width=&#8221;3\/4&#8243;][vc_column_text css=&#8221;&#8221; css_params=&#8221;&#8221;]<\/p>\n<h1>Ma\u0142gorzata Or\u0142owska<\/h1>\n<h2>Administration employee<\/h2>\n<p>Graduate of the Cultural Studies Department of the Faculty of Humanities at the Stanis\u0142aw Staszic University of Science and Technology in Cracow.<\/p>\n<p>She gained professional experience in Cracow courts, including the District Court and the Court of Appeal.<\/p>\n<p>Communicatively speaks English and German.<\/p>\n<p>Privately, a happy owner of four cats. Actively active in pro-animal organizations.<\/p>\n<p>Contact: <a href=\"mailto:biuro@polowiec.pl\">biuro@polowiec.pl<\/a>[\/vc_column_text][\/vc_column][vc_column width=&#8221;1\/4&#8243;][vc_single_image image=&#8221;28812&#8243; img_size=&#8221;medium&#8221; css=&#8221;&#8221; label=&#8221;&#8221;][\/vc_column][\/vc_row]<\/p>\n<\/div>","protected":false},"excerpt":{"rendered":"<p>[vc_row][vc_column width=&#8221;3\/4&#8243;][vc_column_text css=&#8221;&#8221; css_params=&#8221;&#8221;] Ma\u0142gorzata Or\u0142owska Administration employee Graduate of the Cultural Studies Department of the Faculty of Humanities at the Stanis\u0142aw Staszic University of Science and Technology in Cracow. She gained professional experience in Cracow courts, including the District Court and the Court of Appeal. Communicatively speaks English and German. Privately, a happy owner [&hellip;]<\/p>\n","protected":false},"author":1,"featured_media":3311,"parent":439,"menu_order":0,"comment_status":"closed","ping_status":"closed","template":"","meta":{"footnotes":""},"categories":[],"tags":[],"class_list":["post-28808","page","type-page","status-publish","has-post-thumbnail","hentry"],"yoast_head":"<!-- This site is optimized with the Yoast SEO plugin v27.2 - https:\/\/yoast.com\/product\/yoast-seo-wordpress\/ -->\n<title>Ma\u0142gorzata Or\u0142owska - Polowiec i Wsp\u00f3lnicy - Kancelaria prawna<\/title>\n<meta name=\"robots\" content=\"index, follow, max-snippet:-1, max-image-preview:large, max-video-preview:-1\" \/>\n<link rel=\"canonical\" href=\"https:\/\/polowiec.pl\/en\/associates\/malgorzata-orlowska\/\" \/>\n<meta property=\"og:locale\" content=\"en_US\" \/>\n<meta property=\"og:type\" content=\"article\" \/>\n<meta property=\"og:title\" content=\"Ma\u0142gorzata Or\u0142owska - Polowiec i Wsp\u00f3lnicy - Kancelaria prawna\" \/>\n<meta property=\"og:description\" content=\"[vc_row][vc_column width=&#8221;3\/4&#8243;][vc_column_text css=&#8221;&#8221; css_params=&#8221;&#8221;] Ma\u0142gorzata Or\u0142owska Administration employee Graduate of the Cultural Studies Department of the Faculty of Humanities at the Stanis\u0142aw Staszic University of Science and Technology in Cracow. She gained professional experience in Cracow courts, including the District Court and the Court of Appeal. Communicatively speaks English and German. Privately, a happy owner [&hellip;]\" \/>\n<meta property=\"og:url\" content=\"https:\/\/polowiec.pl\/en\/associates\/malgorzata-orlowska\/\" \/>\n<meta property=\"og:site_name\" content=\"Polowiec i Wsp\u00f3lnicy - Kancelaria prawna\" \/>\n<meta property=\"article:publisher\" content=\"https:\/\/www.facebook.com\/polowieciwspolnicy\/\" \/>\n<meta property=\"article:modified_time\" content=\"2025-01-29T13:42:44+00:00\" \/>\n<meta property=\"og:image\" content=\"https:\/\/polowiec.pl\/wp-content\/uploads\/2019\/08\/marlena-drzymala.jpg\" \/>\n\t<meta property=\"og:image:width\" content=\"667\" \/>\n\t<meta property=\"og:image:height\" content=\"1000\" \/>\n\t<meta property=\"og:image:type\" content=\"image\/jpeg\" \/>\n<meta name=\"twitter:card\" content=\"summary_large_image\" \/>\n<script type=\"application\/ld+json\" class=\"yoast-schema-graph\">{\"@context\":\"https:\/\/schema.org\",\"@graph\":[{\"@type\":\"WebPage\",\"@id\":\"https:\/\/polowiec.pl\/en\/associates\/malgorzata-orlowska\/\",\"url\":\"https:\/\/polowiec.pl\/en\/associates\/malgorzata-orlowska\/\",\"name\":\"Ma\u0142gorzata Or\u0142owska - Polowiec i Wsp\u00f3lnicy - Kancelaria prawna\",\"isPartOf\":{\"@id\":\"https:\/\/polowiec.pl\/en\/#website\"},\"primaryImageOfPage\":{\"@id\":\"https:\/\/polowiec.pl\/en\/associates\/malgorzata-orlowska\/#primaryimage\"},\"image\":{\"@id\":\"https:\/\/polowiec.pl\/en\/associates\/malgorzata-orlowska\/#primaryimage\"},\"thumbnailUrl\":\"https:\/\/polowiec.pl\/wp-content\/uploads\/2019\/08\/marlena-drzymala.jpg\",\"datePublished\":\"2025-01-29T13:14:16+00:00\",\"dateModified\":\"2025-01-29T13:42:44+00:00\",\"breadcrumb\":{\"@id\":\"https:\/\/polowiec.pl\/en\/associates\/malgorzata-orlowska\/#breadcrumb\"},\"inLanguage\":\"en-US\",\"potentialAction\":[{\"@type\":\"ReadAction\",\"target\":[\"https:\/\/polowiec.pl\/en\/associates\/malgorzata-orlowska\/\"]}]},{\"@type\":\"ImageObject\",\"inLanguage\":\"en-US\",\"@id\":\"https:\/\/polowiec.pl\/en\/associates\/malgorzata-orlowska\/#primaryimage\",\"url\":\"https:\/\/polowiec.pl\/wp-content\/uploads\/2019\/08\/marlena-drzymala.jpg\",\"contentUrl\":\"https:\/\/polowiec.pl\/wp-content\/uploads\/2019\/08\/marlena-drzymala.jpg\",\"width\":667,\"height\":1000},{\"@type\":\"BreadcrumbList\",\"@id\":\"https:\/\/polowiec.pl\/en\/associates\/malgorzata-orlowska\/#breadcrumb\",\"itemListElement\":[{\"@type\":\"ListItem\",\"position\":1,\"name\":\"Strona g\u0142\u00f3wna\",\"item\":\"https:\/\/polowiec.pl\/en\/\"},{\"@type\":\"ListItem\",\"position\":2,\"name\":\"Team\",\"item\":\"https:\/\/polowiec.pl\/en\/associates\/\"},{\"@type\":\"ListItem\",\"position\":3,\"name\":\"Ma\u0142gorzata Or\u0142owska\"}]},{\"@type\":\"WebSite\",\"@id\":\"https:\/\/polowiec.pl\/en\/#website\",\"url\":\"https:\/\/polowiec.pl\/en\/\",\"name\":\"Polowiec i Wsp\u00f3lnicy - Kancelaria prawna\",\"description\":\"Obs\u0142uga prawna\",\"publisher\":{\"@id\":\"https:\/\/polowiec.pl\/en\/#organization\"},\"potentialAction\":[{\"@type\":\"SearchAction\",\"target\":{\"@type\":\"EntryPoint\",\"urlTemplate\":\"https:\/\/polowiec.pl\/en\/?s={search_term_string}\"},\"query-input\":{\"@type\":\"PropertyValueSpecification\",\"valueRequired\":true,\"valueName\":\"search_term_string\"}}],\"inLanguage\":\"en-US\"},{\"@type\":\"Organization\",\"@id\":\"https:\/\/polowiec.pl\/en\/#organization\",\"name\":\"Polowiec i Wsp\u00f3lnicy - Kancelaria prawna\",\"url\":\"https:\/\/polowiec.pl\/en\/\",\"logo\":{\"@type\":\"ImageObject\",\"inLanguage\":\"en-US\",\"@id\":\"https:\/\/polowiec.pl\/en\/#\/schema\/logo\/image\/\",\"url\":\"https:\/\/polowiec.pl\/wp-content\/uploads\/2018\/10\/polowiec_logo2-1.png\",\"contentUrl\":\"https:\/\/polowiec.pl\/wp-content\/uploads\/2018\/10\/polowiec_logo2-1.png\",\"width\":540,\"height\":381,\"caption\":\"Polowiec i Wsp\u00f3lnicy - Kancelaria prawna\"},\"image\":{\"@id\":\"https:\/\/polowiec.pl\/en\/#\/schema\/logo\/image\/\"},\"sameAs\":[\"https:\/\/www.facebook.com\/polowieciwspolnicy\/\",\"https:\/\/www.linkedin.com\/company\/polowiec-i-wsplnicy-sp.j.\/about\/\"]}]}<\/script>\n<!-- \/ Yoast SEO plugin. -->","yoast_head_json":{"title":"Ma\u0142gorzata Or\u0142owska - Polowiec i Wsp\u00f3lnicy - Kancelaria prawna","robots":{"index":"index","follow":"follow","max-snippet":"max-snippet:-1","max-image-preview":"max-image-preview:large","max-video-preview":"max-video-preview:-1"},"canonical":"https:\/\/polowiec.pl\/en\/associates\/malgorzata-orlowska\/","og_locale":"en_US","og_type":"article","og_title":"Ma\u0142gorzata Or\u0142owska - Polowiec i Wsp\u00f3lnicy - Kancelaria prawna","og_description":"[vc_row][vc_column width=&#8221;3\/4&#8243;][vc_column_text css=&#8221;&#8221; css_params=&#8221;&#8221;] Ma\u0142gorzata Or\u0142owska Administration employee Graduate of the Cultural Studies Department of the Faculty of Humanities at the Stanis\u0142aw Staszic University of Science and Technology in Cracow. She gained professional experience in Cracow courts, including the District Court and the Court of Appeal. Communicatively speaks English and German. Privately, a happy owner [&hellip;]","og_url":"https:\/\/polowiec.pl\/en\/associates\/malgorzata-orlowska\/","og_site_name":"Polowiec i Wsp\u00f3lnicy - Kancelaria prawna","article_publisher":"https:\/\/www.facebook.com\/polowieciwspolnicy\/","article_modified_time":"2025-01-29T13:42:44+00:00","og_image":[{"width":667,"height":1000,"url":"https:\/\/polowiec.pl\/wp-content\/uploads\/2019\/08\/marlena-drzymala.jpg","type":"image\/jpeg"}],"twitter_card":"summary_large_image","schema":{"@context":"https:\/\/schema.org","@graph":[{"@type":"WebPage","@id":"https:\/\/polowiec.pl\/en\/associates\/malgorzata-orlowska\/","url":"https:\/\/polowiec.pl\/en\/associates\/malgorzata-orlowska\/","name":"Ma\u0142gorzata Or\u0142owska - Polowiec i Wsp\u00f3lnicy - Kancelaria prawna","isPartOf":{"@id":"https:\/\/polowiec.pl\/en\/#website"},"primaryImageOfPage":{"@id":"https:\/\/polowiec.pl\/en\/associates\/malgorzata-orlowska\/#primaryimage"},"image":{"@id":"https:\/\/polowiec.pl\/en\/associates\/malgorzata-orlowska\/#primaryimage"},"thumbnailUrl":"https:\/\/polowiec.pl\/wp-content\/uploads\/2019\/08\/marlena-drzymala.jpg","datePublished":"2025-01-29T13:14:16+00:00","dateModified":"2025-01-29T13:42:44+00:00","breadcrumb":{"@id":"https:\/\/polowiec.pl\/en\/associates\/malgorzata-orlowska\/#breadcrumb"},"inLanguage":"en-US","potentialAction":[{"@type":"ReadAction","target":["https:\/\/polowiec.pl\/en\/associates\/malgorzata-orlowska\/"]}]},{"@type":"ImageObject","inLanguage":"en-US","@id":"https:\/\/polowiec.pl\/en\/associates\/malgorzata-orlowska\/#primaryimage","url":"https:\/\/polowiec.pl\/wp-content\/uploads\/2019\/08\/marlena-drzymala.jpg","contentUrl":"https:\/\/polowiec.pl\/wp-content\/uploads\/2019\/08\/marlena-drzymala.jpg","width":667,"height":1000},{"@type":"BreadcrumbList","@id":"https:\/\/polowiec.pl\/en\/associates\/malgorzata-orlowska\/#breadcrumb","itemListElement":[{"@type":"ListItem","position":1,"name":"Strona g\u0142\u00f3wna","item":"https:\/\/polowiec.pl\/en\/"},{"@type":"ListItem","position":2,"name":"Team","item":"https:\/\/polowiec.pl\/en\/associates\/"},{"@type":"ListItem","position":3,"name":"Ma\u0142gorzata Or\u0142owska"}]},{"@type":"WebSite","@id":"https:\/\/polowiec.pl\/en\/#website","url":"https:\/\/polowiec.pl\/en\/","name":"Polowiec i Wsp\u00f3lnicy - Kancelaria prawna","description":"Obs\u0142uga prawna","publisher":{"@id":"https:\/\/polowiec.pl\/en\/#organization"},"potentialAction":[{"@type":"SearchAction","target":{"@type":"EntryPoint","urlTemplate":"https:\/\/polowiec.pl\/en\/?s={search_term_string}"},"query-input":{"@type":"PropertyValueSpecification","valueRequired":true,"valueName":"search_term_string"}}],"inLanguage":"en-US"},{"@type":"Organization","@id":"https:\/\/polowiec.pl\/en\/#organization","name":"Polowiec i Wsp\u00f3lnicy - Kancelaria prawna","url":"https:\/\/polowiec.pl\/en\/","logo":{"@type":"ImageObject","inLanguage":"en-US","@id":"https:\/\/polowiec.pl\/en\/#\/schema\/logo\/image\/","url":"https:\/\/polowiec.pl\/wp-content\/uploads\/2018\/10\/polowiec_logo2-1.png","contentUrl":"https:\/\/polowiec.pl\/wp-content\/uploads\/2018\/10\/polowiec_logo2-1.png","width":540,"height":381,"caption":"Polowiec i Wsp\u00f3lnicy - Kancelaria prawna"},"image":{"@id":"https:\/\/polowiec.pl\/en\/#\/schema\/logo\/image\/"},"sameAs":["https:\/\/www.facebook.com\/polowieciwspolnicy\/","https:\/\/www.linkedin.com\/company\/polowiec-i-wsplnicy-sp.j.\/about\/"]}]}},"_links":{"self":[{"href":"https:\/\/polowiec.pl\/en\/wp-json\/wp\/v2\/pages\/28808","targetHints":{"allow":["GET"]}}],"collection":[{"href":"https:\/\/polowiec.pl\/en\/wp-json\/wp\/v2\/pages"}],"about":[{"href":"https:\/\/polowiec.pl\/en\/wp-json\/wp\/v2\/types\/page"}],"author":[{"embeddable":true,"href":"https:\/\/polowiec.pl\/en\/wp-json\/wp\/v2\/users\/1"}],"replies":[{"embeddable":true,"href":"https:\/\/polowiec.pl\/en\/wp-json\/wp\/v2\/comments?post=28808"}],"version-history":[{"count":2,"href":"https:\/\/polowiec.pl\/en\/wp-json\/wp\/v2\/pages\/28808\/revisions"}],"predecessor-version":[{"id":28814,"href":"https:\/\/polowiec.pl\/en\/wp-json\/wp\/v2\/pages\/28808\/revisions\/28814"}],"up":[{"embeddable":true,"href":"https:\/\/polowiec.pl\/en\/wp-json\/wp\/v2\/pages\/439"}],"wp:featuredmedia":[{"embeddable":true,"href":"https:\/\/polowiec.pl\/en\/wp-json\/wp\/v2\/media\/3311"}],"wp:attachment":[{"href":"https:\/\/polowiec.pl\/en\/wp-json\/wp\/v2\/media?parent=28808"}],"wp:term":[{"taxonomy":"category","embeddable":true,"href":"https:\/\/polowiec.pl\/en\/wp-json\/wp\/v2\/categories?post=28808"},{"taxonomy":"post_tag","embeddable":true,"href":"https:\/\/polowiec.pl\/en\/wp-json\/wp\/v2\/tags?post=28808"}],"curies":[{"name":"wp","href":"https:\/\/api.w.org\/{rel}","templated":true}]}}