{"id":3095,"date":"2019-04-23T10:15:18","date_gmt":"2019-04-23T08:15:18","guid":{"rendered":"https:\/\/polowiec.pl\/?page_id=3095"},"modified":"2019-08-04T20:53:25","modified_gmt":"2019-08-04T18:53:25","slug":"bartosz-sowinski","status":"publish","type":"page","link":"https:\/\/polowiec.pl\/en\/associates\/bartosz-sowinski\/","title":{"rendered":"Bartosz Sowi\u0144ski"},"content":{"rendered":"<div class=\"wpb-content-wrapper\"><p>[vc_row][vc_column width=&#8221;3\/4&#8243;][vc_column_text]<\/p>\n<h1>Bartosz Sowi\u0144ski<\/h1>\n<h2>Bieg\u0142y rewident<\/h2>\n<p>Bieg\u0142y rewident od 2012 roku. Absolwent Wydzia\u0142u Ekonomii Uniwersytetu Ekonomicznego w Poznaniu, Specjalno\u015b\u0107: Inwestycje Kapita\u0142owe i Strategie Finansowe Przedsi\u0119biorstwa.<\/p>\n<p>Do\u015bwiadczenie zawodowe zdobywa\u0142 mi\u0119dzy innymi w jednej z mi\u0119dzynarodowych firm doradczych, jako Dyrektor Dzia\u0142u Audytu. Specjalizuje si\u0119 w badaniu i przegl\u0105dach jednostkowych i skonsolidowany sprawozda\u0144 finansowych sporz\u0105dzonych wg przepis\u00f3w polskich oraz MSR\/MSSF, procesach due diligence, wycenach przedsi\u0119biorstw, optymalizacjach biznesowych, weryfikacji i wdra\u017caniu kontroli wewn\u0119trznej, po\u0142\u0105czeniach, podzia\u0142ach i likwidacjach jednostek gospodarczych, sporz\u0105dzaniu pakiet\u00f3w konsolidacyjnych wed\u0142ug r\u00f3\u017cnych standard\u00f3w rachunkowo\u015bci. Obs\u0142ugiwane bran\u017ce to m.in. Automotive, Chemiczna, Farmaceutyczna, FMCG, Budowlana, Meblarska, Papiernicza, Transport i Spedycja, Elektrotechniczna, Energia Odnawialna. Bra\u0142 udzia\u0142 w badaniu Jednostek Zaufania Publicznego oraz wprowadzaniu podmiot\u00f3w na Gie\u0142d\u0119 Papier\u00f3w Warto\u015bciowych w Warszawie.<\/p>\n<p>Znajomo\u015b\u0107 j\u0119zyk\u00f3w obcych \u2013 angielski, certyfikat English for Business LCCI.[\/vc_column_text][\/vc_column][vc_column width=&#8221;1\/4&#8243;][vc_single_image image=&#8221;1064&#8243; img_size=&#8221;250&#215;375&#8243;][\/vc_column][\/vc_row]<\/p>\n<\/div>","protected":false},"excerpt":{"rendered":"<p>[vc_row][vc_column width=&#8221;3\/4&#8243;][vc_column_text] Bartosz Sowi\u0144ski Bieg\u0142y rewident Bieg\u0142y rewident od 2012 roku. Absolwent Wydzia\u0142u Ekonomii Uniwersytetu Ekonomicznego w Poznaniu, Specjalno\u015b\u0107: Inwestycje Kapita\u0142owe i Strategie Finansowe Przedsi\u0119biorstwa. Do\u015bwiadczenie zawodowe zdobywa\u0142 mi\u0119dzy innymi w jednej z mi\u0119dzynarodowych firm doradczych, jako Dyrektor Dzia\u0142u Audytu. Specjalizuje si\u0119 w badaniu i przegl\u0105dach jednostkowych i skonsolidowany sprawozda\u0144 finansowych sporz\u0105dzonych wg przepis\u00f3w polskich [&hellip;]<\/p>\n","protected":false},"author":4,"featured_media":1065,"parent":439,"menu_order":0,"comment_status":"closed","ping_status":"closed","template":"","meta":{"footnotes":""},"categories":[],"tags":[],"class_list":["post-3095","page","type-page","status-publish","has-post-thumbnail","hentry"],"yoast_head":"<!-- This site is optimized with the Yoast SEO plugin v27.2 - https:\/\/yoast.com\/product\/yoast-seo-wordpress\/ -->\n<title>Bartosz Sowi\u0144ski - Polowiec i Wsp\u00f3lnicy - Kancelaria prawna<\/title>\n<meta name=\"robots\" content=\"index, follow, max-snippet:-1, max-image-preview:large, max-video-preview:-1\" \/>\n<link rel=\"canonical\" href=\"https:\/\/polowiec.pl\/en\/associates\/bartosz-sowinski\/\" \/>\n<meta property=\"og:locale\" content=\"en_US\" \/>\n<meta property=\"og:type\" content=\"article\" \/>\n<meta property=\"og:title\" content=\"Bartosz Sowi\u0144ski - Polowiec i Wsp\u00f3lnicy - Kancelaria prawna\" \/>\n<meta property=\"og:description\" content=\"[vc_row][vc_column width=&#8221;3\/4&#8243;][vc_column_text] Bartosz Sowi\u0144ski Bieg\u0142y rewident Bieg\u0142y rewident od 2012 roku. Absolwent Wydzia\u0142u Ekonomii Uniwersytetu Ekonomicznego w Poznaniu, Specjalno\u015b\u0107: Inwestycje Kapita\u0142owe i Strategie Finansowe Przedsi\u0119biorstwa. Do\u015bwiadczenie zawodowe zdobywa\u0142 mi\u0119dzy innymi w jednej z mi\u0119dzynarodowych firm doradczych, jako Dyrektor Dzia\u0142u Audytu. Specjalizuje si\u0119 w badaniu i przegl\u0105dach jednostkowych i skonsolidowany sprawozda\u0144 finansowych sporz\u0105dzonych wg przepis\u00f3w polskich [&hellip;]\" \/>\n<meta property=\"og:url\" content=\"https:\/\/polowiec.pl\/en\/associates\/bartosz-sowinski\/\" \/>\n<meta property=\"og:site_name\" content=\"Polowiec i Wsp\u00f3lnicy - Kancelaria prawna\" \/>\n<meta property=\"article:publisher\" content=\"https:\/\/www.facebook.com\/polowieciwspolnicy\/\" \/>\n<meta property=\"article:modified_time\" content=\"2019-08-04T18:53:25+00:00\" \/>\n<meta property=\"og:image\" content=\"https:\/\/polowiec.pl\/wp-content\/uploads\/2016\/02\/Bartosz_Sowinski.jpg\" \/>\n\t<meta property=\"og:image:width\" content=\"268\" \/>\n\t<meta property=\"og:image:height\" content=\"343\" \/>\n\t<meta property=\"og:image:type\" content=\"image\/jpeg\" \/>\n<meta name=\"twitter:card\" content=\"summary_large_image\" \/>\n<meta name=\"twitter:label1\" content=\"Est. reading time\" \/>\n\t<meta name=\"twitter:data1\" content=\"1 minute\" \/>\n<script type=\"application\/ld+json\" class=\"yoast-schema-graph\">{\"@context\":\"https:\/\/schema.org\",\"@graph\":[{\"@type\":\"WebPage\",\"@id\":\"https:\/\/polowiec.pl\/en\/associates\/bartosz-sowinski\/\",\"url\":\"https:\/\/polowiec.pl\/en\/associates\/bartosz-sowinski\/\",\"name\":\"Bartosz Sowi\u0144ski - Polowiec i Wsp\u00f3lnicy - Kancelaria prawna\",\"isPartOf\":{\"@id\":\"https:\/\/polowiec.pl\/en\/#website\"},\"primaryImageOfPage\":{\"@id\":\"https:\/\/polowiec.pl\/en\/associates\/bartosz-sowinski\/#primaryimage\"},\"image\":{\"@id\":\"https:\/\/polowiec.pl\/en\/associates\/bartosz-sowinski\/#primaryimage\"},\"thumbnailUrl\":\"https:\/\/polowiec.pl\/wp-content\/uploads\/2016\/02\/Bartosz_Sowinski.jpg\",\"datePublished\":\"2019-04-23T08:15:18+00:00\",\"dateModified\":\"2019-08-04T18:53:25+00:00\",\"breadcrumb\":{\"@id\":\"https:\/\/polowiec.pl\/en\/associates\/bartosz-sowinski\/#breadcrumb\"},\"inLanguage\":\"en-US\",\"potentialAction\":[{\"@type\":\"ReadAction\",\"target\":[\"https:\/\/polowiec.pl\/en\/associates\/bartosz-sowinski\/\"]}]},{\"@type\":\"ImageObject\",\"inLanguage\":\"en-US\",\"@id\":\"https:\/\/polowiec.pl\/en\/associates\/bartosz-sowinski\/#primaryimage\",\"url\":\"https:\/\/polowiec.pl\/wp-content\/uploads\/2016\/02\/Bartosz_Sowinski.jpg\",\"contentUrl\":\"https:\/\/polowiec.pl\/wp-content\/uploads\/2016\/02\/Bartosz_Sowinski.jpg\",\"width\":268,\"height\":343,\"caption\":\"Bartosz Sowi\u0144ski\"},{\"@type\":\"BreadcrumbList\",\"@id\":\"https:\/\/polowiec.pl\/en\/associates\/bartosz-sowinski\/#breadcrumb\",\"itemListElement\":[{\"@type\":\"ListItem\",\"position\":1,\"name\":\"Strona g\u0142\u00f3wna\",\"item\":\"https:\/\/polowiec.pl\/en\/\"},{\"@type\":\"ListItem\",\"position\":2,\"name\":\"Team\",\"item\":\"https:\/\/polowiec.pl\/en\/associates\/\"},{\"@type\":\"ListItem\",\"position\":3,\"name\":\"Bartosz Sowi\u0144ski\"}]},{\"@type\":\"WebSite\",\"@id\":\"https:\/\/polowiec.pl\/en\/#website\",\"url\":\"https:\/\/polowiec.pl\/en\/\",\"name\":\"Polowiec i Wsp\u00f3lnicy - Kancelaria prawna\",\"description\":\"Obs\u0142uga prawna\",\"publisher\":{\"@id\":\"https:\/\/polowiec.pl\/en\/#organization\"},\"potentialAction\":[{\"@type\":\"SearchAction\",\"target\":{\"@type\":\"EntryPoint\",\"urlTemplate\":\"https:\/\/polowiec.pl\/en\/?s={search_term_string}\"},\"query-input\":{\"@type\":\"PropertyValueSpecification\",\"valueRequired\":true,\"valueName\":\"search_term_string\"}}],\"inLanguage\":\"en-US\"},{\"@type\":\"Organization\",\"@id\":\"https:\/\/polowiec.pl\/en\/#organization\",\"name\":\"Polowiec i Wsp\u00f3lnicy - Kancelaria prawna\",\"url\":\"https:\/\/polowiec.pl\/en\/\",\"logo\":{\"@type\":\"ImageObject\",\"inLanguage\":\"en-US\",\"@id\":\"https:\/\/polowiec.pl\/en\/#\/schema\/logo\/image\/\",\"url\":\"https:\/\/polowiec.pl\/wp-content\/uploads\/2018\/10\/polowiec_logo2-1.png\",\"contentUrl\":\"https:\/\/polowiec.pl\/wp-content\/uploads\/2018\/10\/polowiec_logo2-1.png\",\"width\":540,\"height\":381,\"caption\":\"Polowiec i Wsp\u00f3lnicy - Kancelaria prawna\"},\"image\":{\"@id\":\"https:\/\/polowiec.pl\/en\/#\/schema\/logo\/image\/\"},\"sameAs\":[\"https:\/\/www.facebook.com\/polowieciwspolnicy\/\",\"https:\/\/www.linkedin.com\/company\/polowiec-i-wsplnicy-sp.j.\/about\/\"]}]}<\/script>\n<!-- \/ Yoast SEO plugin. -->","yoast_head_json":{"title":"Bartosz Sowi\u0144ski - Polowiec i Wsp\u00f3lnicy - Kancelaria prawna","robots":{"index":"index","follow":"follow","max-snippet":"max-snippet:-1","max-image-preview":"max-image-preview:large","max-video-preview":"max-video-preview:-1"},"canonical":"https:\/\/polowiec.pl\/en\/associates\/bartosz-sowinski\/","og_locale":"en_US","og_type":"article","og_title":"Bartosz Sowi\u0144ski - Polowiec i Wsp\u00f3lnicy - Kancelaria prawna","og_description":"[vc_row][vc_column width=&#8221;3\/4&#8243;][vc_column_text] Bartosz Sowi\u0144ski Bieg\u0142y rewident Bieg\u0142y rewident od 2012 roku. Absolwent Wydzia\u0142u Ekonomii Uniwersytetu Ekonomicznego w Poznaniu, Specjalno\u015b\u0107: Inwestycje Kapita\u0142owe i Strategie Finansowe Przedsi\u0119biorstwa. Do\u015bwiadczenie zawodowe zdobywa\u0142 mi\u0119dzy innymi w jednej z mi\u0119dzynarodowych firm doradczych, jako Dyrektor Dzia\u0142u Audytu. Specjalizuje si\u0119 w badaniu i przegl\u0105dach jednostkowych i skonsolidowany sprawozda\u0144 finansowych sporz\u0105dzonych wg przepis\u00f3w polskich [&hellip;]","og_url":"https:\/\/polowiec.pl\/en\/associates\/bartosz-sowinski\/","og_site_name":"Polowiec i Wsp\u00f3lnicy - Kancelaria prawna","article_publisher":"https:\/\/www.facebook.com\/polowieciwspolnicy\/","article_modified_time":"2019-08-04T18:53:25+00:00","og_image":[{"width":268,"height":343,"url":"https:\/\/polowiec.pl\/wp-content\/uploads\/2016\/02\/Bartosz_Sowinski.jpg","type":"image\/jpeg"}],"twitter_card":"summary_large_image","twitter_misc":{"Est. reading time":"1 minute"},"schema":{"@context":"https:\/\/schema.org","@graph":[{"@type":"WebPage","@id":"https:\/\/polowiec.pl\/en\/associates\/bartosz-sowinski\/","url":"https:\/\/polowiec.pl\/en\/associates\/bartosz-sowinski\/","name":"Bartosz Sowi\u0144ski - Polowiec i Wsp\u00f3lnicy - Kancelaria prawna","isPartOf":{"@id":"https:\/\/polowiec.pl\/en\/#website"},"primaryImageOfPage":{"@id":"https:\/\/polowiec.pl\/en\/associates\/bartosz-sowinski\/#primaryimage"},"image":{"@id":"https:\/\/polowiec.pl\/en\/associates\/bartosz-sowinski\/#primaryimage"},"thumbnailUrl":"https:\/\/polowiec.pl\/wp-content\/uploads\/2016\/02\/Bartosz_Sowinski.jpg","datePublished":"2019-04-23T08:15:18+00:00","dateModified":"2019-08-04T18:53:25+00:00","breadcrumb":{"@id":"https:\/\/polowiec.pl\/en\/associates\/bartosz-sowinski\/#breadcrumb"},"inLanguage":"en-US","potentialAction":[{"@type":"ReadAction","target":["https:\/\/polowiec.pl\/en\/associates\/bartosz-sowinski\/"]}]},{"@type":"ImageObject","inLanguage":"en-US","@id":"https:\/\/polowiec.pl\/en\/associates\/bartosz-sowinski\/#primaryimage","url":"https:\/\/polowiec.pl\/wp-content\/uploads\/2016\/02\/Bartosz_Sowinski.jpg","contentUrl":"https:\/\/polowiec.pl\/wp-content\/uploads\/2016\/02\/Bartosz_Sowinski.jpg","width":268,"height":343,"caption":"Bartosz Sowi\u0144ski"},{"@type":"BreadcrumbList","@id":"https:\/\/polowiec.pl\/en\/associates\/bartosz-sowinski\/#breadcrumb","itemListElement":[{"@type":"ListItem","position":1,"name":"Strona g\u0142\u00f3wna","item":"https:\/\/polowiec.pl\/en\/"},{"@type":"ListItem","position":2,"name":"Team","item":"https:\/\/polowiec.pl\/en\/associates\/"},{"@type":"ListItem","position":3,"name":"Bartosz Sowi\u0144ski"}]},{"@type":"WebSite","@id":"https:\/\/polowiec.pl\/en\/#website","url":"https:\/\/polowiec.pl\/en\/","name":"Polowiec i Wsp\u00f3lnicy - Kancelaria prawna","description":"Obs\u0142uga prawna","publisher":{"@id":"https:\/\/polowiec.pl\/en\/#organization"},"potentialAction":[{"@type":"SearchAction","target":{"@type":"EntryPoint","urlTemplate":"https:\/\/polowiec.pl\/en\/?s={search_term_string}"},"query-input":{"@type":"PropertyValueSpecification","valueRequired":true,"valueName":"search_term_string"}}],"inLanguage":"en-US"},{"@type":"Organization","@id":"https:\/\/polowiec.pl\/en\/#organization","name":"Polowiec i Wsp\u00f3lnicy - Kancelaria prawna","url":"https:\/\/polowiec.pl\/en\/","logo":{"@type":"ImageObject","inLanguage":"en-US","@id":"https:\/\/polowiec.pl\/en\/#\/schema\/logo\/image\/","url":"https:\/\/polowiec.pl\/wp-content\/uploads\/2018\/10\/polowiec_logo2-1.png","contentUrl":"https:\/\/polowiec.pl\/wp-content\/uploads\/2018\/10\/polowiec_logo2-1.png","width":540,"height":381,"caption":"Polowiec i Wsp\u00f3lnicy - Kancelaria prawna"},"image":{"@id":"https:\/\/polowiec.pl\/en\/#\/schema\/logo\/image\/"},"sameAs":["https:\/\/www.facebook.com\/polowieciwspolnicy\/","https:\/\/www.linkedin.com\/company\/polowiec-i-wsplnicy-sp.j.\/about\/"]}]}},"_links":{"self":[{"href":"https:\/\/polowiec.pl\/en\/wp-json\/wp\/v2\/pages\/3095","targetHints":{"allow":["GET"]}}],"collection":[{"href":"https:\/\/polowiec.pl\/en\/wp-json\/wp\/v2\/pages"}],"about":[{"href":"https:\/\/polowiec.pl\/en\/wp-json\/wp\/v2\/types\/page"}],"author":[{"embeddable":true,"href":"https:\/\/polowiec.pl\/en\/wp-json\/wp\/v2\/users\/4"}],"replies":[{"embeddable":true,"href":"https:\/\/polowiec.pl\/en\/wp-json\/wp\/v2\/comments?post=3095"}],"version-history":[{"count":0,"href":"https:\/\/polowiec.pl\/en\/wp-json\/wp\/v2\/pages\/3095\/revisions"}],"up":[{"embeddable":true,"href":"https:\/\/polowiec.pl\/en\/wp-json\/wp\/v2\/pages\/439"}],"wp:featuredmedia":[{"embeddable":true,"href":"https:\/\/polowiec.pl\/en\/wp-json\/wp\/v2\/media\/1065"}],"wp:attachment":[{"href":"https:\/\/polowiec.pl\/en\/wp-json\/wp\/v2\/media?parent=3095"}],"wp:term":[{"taxonomy":"category","embeddable":true,"href":"https:\/\/polowiec.pl\/en\/wp-json\/wp\/v2\/categories?post=3095"},{"taxonomy":"post_tag","embeddable":true,"href":"https:\/\/polowiec.pl\/en\/wp-json\/wp\/v2\/tags?post=3095"}],"curies":[{"name":"wp","href":"https:\/\/api.w.org\/{rel}","templated":true}]}}