{"id":431,"date":"2016-04-27T06:12:45","date_gmt":"2016-04-27T04:12:45","guid":{"rendered":"https:\/\/nowa.polowiec.pl\/ksse-2\/"},"modified":"2019-09-23T15:19:39","modified_gmt":"2019-09-23T13:19:39","slug":"katowice-special-economic-zone","status":"publish","type":"page","link":"https:\/\/polowiec.pl\/en\/katowice-special-economic-zone\/","title":{"rendered":"Katowice Special Economic Zone"},"content":{"rendered":"<p>Polowiec i Wsp\u00f3lnicy sp. J. is a co-operator of the Katowice Special Economic Zone S.A.<\/p>\n<p>In February 2016, Polowiec i Wsp\u00f3lnicy sp. j. joined the list of cooperating entities of the Katowice Special Economic Zone S.A.<\/p>\n<p>KSEZ is a leader among Polish special economic zones. So far, it has already acquired over 250 enterprises that have completed or are in the process of implementing their investments. These companies have already invested about PLN 22 billion in total and created employment for over 55,000 people.<\/p>\n<p>As a cooperator of the KSEZ, we will support the cooperation processes between the KSEZ and investors, in particular to provide investors with help in conducting business.<\/p>\n<p>You can find more about the KSEZ at: <a href=\"http:\/\/ksse.com.pl\/\" target=\"_blank\" rel=\"noopener noreferrer\">http:\/\/ksse.com.pl\/<\/a><\/p>\n","protected":false},"excerpt":{"rendered":"<p>Polowiec i Wsp\u00f3lnicy sp. J. is a co-operator of the Katowice Special Economic Zone S.A. In February 2016, Polowiec i Wsp\u00f3lnicy sp. j. joined the list of cooperating entities of the Katowice Special Economic Zone S.A. KSEZ is a leader among Polish special economic zones. So far, it has already acquired over 250 enterprises that [&hellip;]<\/p>\n","protected":false},"author":4,"featured_media":0,"parent":0,"menu_order":12,"comment_status":"closed","ping_status":"open","template":"","meta":{"footnotes":""},"categories":[],"tags":[],"class_list":["post-431","page","type-page","status-publish","hentry"],"yoast_head":"<!-- This site is optimized with the Yoast SEO plugin v27.2 - https:\/\/yoast.com\/product\/yoast-seo-wordpress\/ -->\n<title>Katowice Special Economic Zone - Polowiec i Wsp\u00f3lnicy - Kancelaria prawna<\/title>\n<meta name=\"robots\" content=\"index, follow, max-snippet:-1, max-image-preview:large, max-video-preview:-1\" \/>\n<link rel=\"canonical\" href=\"https:\/\/polowiec.pl\/en\/katowice-special-economic-zone\/\" \/>\n<meta property=\"og:locale\" content=\"en_US\" \/>\n<meta property=\"og:type\" content=\"article\" \/>\n<meta property=\"og:title\" content=\"Katowice Special Economic Zone - Polowiec i Wsp\u00f3lnicy - Kancelaria prawna\" \/>\n<meta property=\"og:description\" content=\"Polowiec i Wsp\u00f3lnicy sp. J. is a co-operator of the Katowice Special Economic Zone S.A. In February 2016, Polowiec i Wsp\u00f3lnicy sp. j. joined the list of cooperating entities of the Katowice Special Economic Zone S.A. KSEZ is a leader among Polish special economic zones. So far, it has already acquired over 250 enterprises that [&hellip;]\" \/>\n<meta property=\"og:url\" content=\"https:\/\/polowiec.pl\/en\/katowice-special-economic-zone\/\" \/>\n<meta property=\"og:site_name\" content=\"Polowiec i Wsp\u00f3lnicy - Kancelaria prawna\" \/>\n<meta property=\"article:publisher\" content=\"https:\/\/www.facebook.com\/polowieciwspolnicy\/\" \/>\n<meta property=\"article:modified_time\" content=\"2019-09-23T13:19:39+00:00\" \/>\n<meta name=\"twitter:card\" content=\"summary_large_image\" \/>\n<meta name=\"twitter:label1\" content=\"Est. reading time\" \/>\n\t<meta name=\"twitter:data1\" content=\"1 minute\" \/>\n<script type=\"application\/ld+json\" class=\"yoast-schema-graph\">{\"@context\":\"https:\/\/schema.org\",\"@graph\":[{\"@type\":\"WebPage\",\"@id\":\"https:\/\/polowiec.pl\/en\/katowice-special-economic-zone\/\",\"url\":\"https:\/\/polowiec.pl\/en\/katowice-special-economic-zone\/\",\"name\":\"Katowice Special Economic Zone - Polowiec i Wsp\u00f3lnicy - Kancelaria prawna\",\"isPartOf\":{\"@id\":\"https:\/\/polowiec.pl\/en\/#website\"},\"datePublished\":\"2016-04-27T04:12:45+00:00\",\"dateModified\":\"2019-09-23T13:19:39+00:00\",\"breadcrumb\":{\"@id\":\"https:\/\/polowiec.pl\/en\/katowice-special-economic-zone\/#breadcrumb\"},\"inLanguage\":\"en-US\",\"potentialAction\":[{\"@type\":\"ReadAction\",\"target\":[\"https:\/\/polowiec.pl\/en\/katowice-special-economic-zone\/\"]}]},{\"@type\":\"BreadcrumbList\",\"@id\":\"https:\/\/polowiec.pl\/en\/katowice-special-economic-zone\/#breadcrumb\",\"itemListElement\":[{\"@type\":\"ListItem\",\"position\":1,\"name\":\"Strona g\u0142\u00f3wna\",\"item\":\"https:\/\/polowiec.pl\/en\/\"},{\"@type\":\"ListItem\",\"position\":2,\"name\":\"Katowice Special Economic Zone\"}]},{\"@type\":\"WebSite\",\"@id\":\"https:\/\/polowiec.pl\/en\/#website\",\"url\":\"https:\/\/polowiec.pl\/en\/\",\"name\":\"Polowiec i Wsp\u00f3lnicy - Kancelaria prawna\",\"description\":\"Obs\u0142uga prawna\",\"publisher\":{\"@id\":\"https:\/\/polowiec.pl\/en\/#organization\"},\"potentialAction\":[{\"@type\":\"SearchAction\",\"target\":{\"@type\":\"EntryPoint\",\"urlTemplate\":\"https:\/\/polowiec.pl\/en\/?s={search_term_string}\"},\"query-input\":{\"@type\":\"PropertyValueSpecification\",\"valueRequired\":true,\"valueName\":\"search_term_string\"}}],\"inLanguage\":\"en-US\"},{\"@type\":\"Organization\",\"@id\":\"https:\/\/polowiec.pl\/en\/#organization\",\"name\":\"Polowiec i Wsp\u00f3lnicy - Kancelaria prawna\",\"url\":\"https:\/\/polowiec.pl\/en\/\",\"logo\":{\"@type\":\"ImageObject\",\"inLanguage\":\"en-US\",\"@id\":\"https:\/\/polowiec.pl\/en\/#\/schema\/logo\/image\/\",\"url\":\"https:\/\/polowiec.pl\/wp-content\/uploads\/2018\/10\/polowiec_logo2-1.png\",\"contentUrl\":\"https:\/\/polowiec.pl\/wp-content\/uploads\/2018\/10\/polowiec_logo2-1.png\",\"width\":540,\"height\":381,\"caption\":\"Polowiec i Wsp\u00f3lnicy - Kancelaria prawna\"},\"image\":{\"@id\":\"https:\/\/polowiec.pl\/en\/#\/schema\/logo\/image\/\"},\"sameAs\":[\"https:\/\/www.facebook.com\/polowieciwspolnicy\/\",\"https:\/\/www.linkedin.com\/company\/polowiec-i-wsplnicy-sp.j.\/about\/\"]}]}<\/script>\n<!-- \/ Yoast SEO plugin. -->","yoast_head_json":{"title":"Katowice Special Economic Zone - Polowiec i Wsp\u00f3lnicy - Kancelaria prawna","robots":{"index":"index","follow":"follow","max-snippet":"max-snippet:-1","max-image-preview":"max-image-preview:large","max-video-preview":"max-video-preview:-1"},"canonical":"https:\/\/polowiec.pl\/en\/katowice-special-economic-zone\/","og_locale":"en_US","og_type":"article","og_title":"Katowice Special Economic Zone - Polowiec i Wsp\u00f3lnicy - Kancelaria prawna","og_description":"Polowiec i Wsp\u00f3lnicy sp. J. is a co-operator of the Katowice Special Economic Zone S.A. In February 2016, Polowiec i Wsp\u00f3lnicy sp. j. joined the list of cooperating entities of the Katowice Special Economic Zone S.A. KSEZ is a leader among Polish special economic zones. So far, it has already acquired over 250 enterprises that [&hellip;]","og_url":"https:\/\/polowiec.pl\/en\/katowice-special-economic-zone\/","og_site_name":"Polowiec i Wsp\u00f3lnicy - Kancelaria prawna","article_publisher":"https:\/\/www.facebook.com\/polowieciwspolnicy\/","article_modified_time":"2019-09-23T13:19:39+00:00","twitter_card":"summary_large_image","twitter_misc":{"Est. reading time":"1 minute"},"schema":{"@context":"https:\/\/schema.org","@graph":[{"@type":"WebPage","@id":"https:\/\/polowiec.pl\/en\/katowice-special-economic-zone\/","url":"https:\/\/polowiec.pl\/en\/katowice-special-economic-zone\/","name":"Katowice Special Economic Zone - Polowiec i Wsp\u00f3lnicy - Kancelaria prawna","isPartOf":{"@id":"https:\/\/polowiec.pl\/en\/#website"},"datePublished":"2016-04-27T04:12:45+00:00","dateModified":"2019-09-23T13:19:39+00:00","breadcrumb":{"@id":"https:\/\/polowiec.pl\/en\/katowice-special-economic-zone\/#breadcrumb"},"inLanguage":"en-US","potentialAction":[{"@type":"ReadAction","target":["https:\/\/polowiec.pl\/en\/katowice-special-economic-zone\/"]}]},{"@type":"BreadcrumbList","@id":"https:\/\/polowiec.pl\/en\/katowice-special-economic-zone\/#breadcrumb","itemListElement":[{"@type":"ListItem","position":1,"name":"Strona g\u0142\u00f3wna","item":"https:\/\/polowiec.pl\/en\/"},{"@type":"ListItem","position":2,"name":"Katowice Special Economic Zone"}]},{"@type":"WebSite","@id":"https:\/\/polowiec.pl\/en\/#website","url":"https:\/\/polowiec.pl\/en\/","name":"Polowiec i Wsp\u00f3lnicy - Kancelaria prawna","description":"Obs\u0142uga prawna","publisher":{"@id":"https:\/\/polowiec.pl\/en\/#organization"},"potentialAction":[{"@type":"SearchAction","target":{"@type":"EntryPoint","urlTemplate":"https:\/\/polowiec.pl\/en\/?s={search_term_string}"},"query-input":{"@type":"PropertyValueSpecification","valueRequired":true,"valueName":"search_term_string"}}],"inLanguage":"en-US"},{"@type":"Organization","@id":"https:\/\/polowiec.pl\/en\/#organization","name":"Polowiec i Wsp\u00f3lnicy - Kancelaria prawna","url":"https:\/\/polowiec.pl\/en\/","logo":{"@type":"ImageObject","inLanguage":"en-US","@id":"https:\/\/polowiec.pl\/en\/#\/schema\/logo\/image\/","url":"https:\/\/polowiec.pl\/wp-content\/uploads\/2018\/10\/polowiec_logo2-1.png","contentUrl":"https:\/\/polowiec.pl\/wp-content\/uploads\/2018\/10\/polowiec_logo2-1.png","width":540,"height":381,"caption":"Polowiec i Wsp\u00f3lnicy - Kancelaria prawna"},"image":{"@id":"https:\/\/polowiec.pl\/en\/#\/schema\/logo\/image\/"},"sameAs":["https:\/\/www.facebook.com\/polowieciwspolnicy\/","https:\/\/www.linkedin.com\/company\/polowiec-i-wsplnicy-sp.j.\/about\/"]}]}},"_links":{"self":[{"href":"https:\/\/polowiec.pl\/en\/wp-json\/wp\/v2\/pages\/431","targetHints":{"allow":["GET"]}}],"collection":[{"href":"https:\/\/polowiec.pl\/en\/wp-json\/wp\/v2\/pages"}],"about":[{"href":"https:\/\/polowiec.pl\/en\/wp-json\/wp\/v2\/types\/page"}],"author":[{"embeddable":true,"href":"https:\/\/polowiec.pl\/en\/wp-json\/wp\/v2\/users\/4"}],"replies":[{"embeddable":true,"href":"https:\/\/polowiec.pl\/en\/wp-json\/wp\/v2\/comments?post=431"}],"version-history":[{"count":0,"href":"https:\/\/polowiec.pl\/en\/wp-json\/wp\/v2\/pages\/431\/revisions"}],"wp:attachment":[{"href":"https:\/\/polowiec.pl\/en\/wp-json\/wp\/v2\/media?parent=431"}],"wp:term":[{"taxonomy":"category","embeddable":true,"href":"https:\/\/polowiec.pl\/en\/wp-json\/wp\/v2\/categories?post=431"},{"taxonomy":"post_tag","embeddable":true,"href":"https:\/\/polowiec.pl\/en\/wp-json\/wp\/v2\/tags?post=431"}],"curies":[{"name":"wp","href":"https:\/\/api.w.org\/{rel}","templated":true}]}}